{"id":11302,"date":"2025-06-20T11:06:25","date_gmt":"2025-06-20T11:06:25","guid":{"rendered":"https:\/\/dpinmo.com\/?page_id=11302"},"modified":"2025-06-20T11:11:10","modified_gmt":"2025-06-20T11:11:10","slug":"accesibilidad","status":"publish","type":"page","link":"https:\/\/dpinmo.com\/fr\/accesibilidad\/","title":{"rendered":"Declaraci\u00f3n de accesibilidad"},"content":{"rendered":"<p>&nbsp;<\/p>\n<p class=\"sinbotom\"><strong>DAVID USEROS<\/strong> se ha comprometido a hacer accesible su sitio web de conformidad con Real Decreto 1112\/2018, de 7 de septiembre, sobre accesibilidad de los sitios web y aplicaciones para dispositivos m\u00f3viles del sector p\u00fablico, por el que se traspone la Directiva (UE) 2016\/2102 del Parlamento Europeo y del Consejo, de 26 de octubre de 2016.<\/p>\n<p class=\"sinbotom\">La presente declaraci\u00f3n de accesibilidad se aplica al sitio web\u00a0<a href=\"https:\/\/dpinmo.com\/\" target=\"_blank\" rel=\"noopener\" aria-label=\"Abre p\u00e1gina web DP INMO, en otra pesta\u00f1a\">https:\/\/dpinmo.com\/<\/a><\/p>\n<h3 class=\"\"><strong>Situaci\u00f3n de cumplimiento<\/strong><\/h3>\n<p>Este sitio web es parcialmente conforme con el RD 1112\/2018 debido a las excepciones y a la falta de conformidad de los aspectos que se indican en el siguiente punto.<\/p>\n<p>Esta web se ha dise\u00f1ado adapt\u00e1ndose a los est\u00e1ndares y normativas vigentes en relaci\u00f3n con la accesibilidad y la usabilidad, y se revisan al menos de forma anual, para mantenerlos actualizados. No obstante, es posible que encuentre alg\u00fan contenido que no se adapte totalmente a estos est\u00e1ndares.<\/p>\n<h3 class=\"\"><strong>Contenido no accesible<\/strong><\/h3>\n<p class=\"\">El contenido que se recoge a continuaci\u00f3n no es accesible por lo siguiente:<\/p>\n<p>\u2022 Falta de conformidad con el RD 1112\/2018<\/p>\n<p>Existe contenido audiovisual que no incluye audio descripci\u00f3n o medio alternativo [Requisito n\u00famero 1.2.3 Audiodescripci\u00f3n o medio alternativo] y audiodescripcion grabada [Requisito 1.2.5 Audiodescripci\u00f3n (Grabado)].<\/p>\n<p>Podr\u00edan existir errores de c\u00f3digo puntuales de edici\u00f3n en alguna p\u00e1gina web. [4.1.1 Procesamiento]<\/p>\n<p>Podr\u00edan existir algunos componentes de la interfaz de usuario que no se encuentren etiquetados correctamente. [4.1.2 Nombre, funci\u00f3n, valor]<\/p>\n<p>\u2022 Carga desproporcionada<br \/>\nNo aplica.<\/p>\n<p>\u2022 El contenido no entra dentro del \u00e1mbito de la legislaci\u00f3n aplicable<br \/>\nPodr\u00edan existir archivos ofim\u00e1ticos en PDF u otros formatos publicados antes del 20 de septiembre de 2018 que no cumplan en su totalidad todos los requisitos de accesibilidad. Aunque se ha procurado que la mayor\u00eda de ellos s\u00ed lo cumplan.<\/p>\n<h3><strong>Preparaci\u00f3n de la presente declaraci\u00f3n de accesibilidad<\/strong><\/h3>\n<p>La presente declaraci\u00f3n fue preparada el 24 de agosto de 2023.<\/p>\n<p>El m\u00e9todo empleado para preparar la declaraci\u00f3n ha sido una autoevaluaci\u00f3n llevada a cabo por el propio organismo.<\/p>\n<h3><strong>Observaciones y datos de contacto<\/strong><\/h3>\n<p>Puede realizar\u00a0comunicaciones\u00a0sobre requisitos de accesibilidad (art\u00edculo 10.2.a del RD 1112\/2018) como por ejemplo:<\/p>\n<p>\u2022 informar sobre cualquier posible incumplimiento por parte de este sitio web<br \/>\n\u2022 transmitir otras\u00a0dificultades de acceso\u00a0al contenido<br \/>\n\u2022 formular cualquier otra consulta o sugerencia de mejora relativa a la accesibilidad del sitio web a trav\u00e9s del email info@dpinmo.com\u00a0\u00a0o a trav\u00e9s del n\u00famero de tel\u00e9fono +34 972 45 90 06<\/p>\n<p>Puede presentar:<\/p>\n<p>\u2022 Una queja relativa al cumplimiento de los requisitos del RD 1112\/2018<br \/>\n\u2022 Una solicitud de informaci\u00f3n accesible relativa a:<br \/>\nContenidos que est\u00e1n excluidos del \u00e1mbito de aplicaci\u00f3n del RD 1112\/2018 seg\u00fan lo establecido por el art\u00edculo 3, apartado 4.<\/p>\n<p>En la solicitud de informaci\u00f3n accesible, se debe concretar, con toda claridad, los hechos, razones y petici\u00f3n que permitan constatar que se trata de una solicitud razonable y leg\u00edtima.<\/p>\n<p>Las quejas y reclamaciones sobre informaci\u00f3n accesible se realizar\u00e1n a trav\u00e9s del email info@dpinmo.com y ser\u00e1n recibidas y tratadas por <strong>DAVID USEROS<\/strong>.<\/p>\n<h3>Procedimiento de aplicaci\u00f3n<\/h3>\n<p>Si una vez realizada una solicitud de informaci\u00f3n accesible o queja, \u00e9sta hubiera sido desestimada, no se estuviera de acuerdo con la decisi\u00f3n adoptada, o la respuesta no cumpliera los requisitos contemplados en el art\u00edculo 12.5, la persona interesada podr\u00e1 iniciar una reclamaci\u00f3n. Igualmente se podr\u00e1 iniciar una reclamaci\u00f3n en el caso de que haya transcurrido el plazo de veinte d\u00edas h\u00e1biles sin haber obtenido respuesta.<\/p>\n<p>La reclamaci\u00f3n puede ser presentada trav\u00e9s de\u00a0<a title=\"Abre correo electr\u00f3nico en ventana aparte\" href=\"mailto:info@dpinmo.com\" target=\"_blank\" rel=\"noopener\">info@dpinmo.com<\/a>, as\u00ed como en el resto de opciones recogidas en la Ley 39\/ 2015, de 1 de octubre, del Procedimiento Administrativo Com\u00fan de las Administraciones P\u00fablicas.<\/p>\n<p>Las comunicaciones, quejas y solicitudes de informaci\u00f3n accesible ser\u00e1n recibidas y tratadas por la Unidad de Accesibilidad y Transformaci\u00f3n Digitales de <strong>DAVID USEROS<\/strong><\/p>\n<h3><strong>Contenido opcional<\/strong><\/h3>\n<p>Este portal est\u00e1 dise\u00f1ado para poder cambiar el tama\u00f1o del texto y el color, as\u00ed como el fondo de la p\u00e1gina mediante las opciones de configuraci\u00f3n est\u00e1ndar de los navegadores.<\/p>\n<p>Si desea cambiar el tama\u00f1o de letra del texto en los principales navegadores gr\u00e1ficos utilice los siguientes men\u00fas:<\/p>\n<p>\u2022 Internet Explorer, Mozilla y Firefox: Ver &gt; Tama\u00f1o del texto<br \/>\n\u2022 Opera: Ver &gt; Zoom<br \/>\n\u2022 Safari: Ver &gt; Hacer el texto m\u00e1s grande<br \/>\n\u2022 Chrome: Controla la p\u00e1gina actual &gt; Tama\u00f1o del texto<br \/>\n\u2022 Para modificar el tama\u00f1o de todo en la p\u00e1gina:<br \/>\n\u25e6 Ctrl + + para aumentarlo<br \/>\n\u25e6 Ctrl + \u2013 para disminuirlo<br \/>\n\u25e6 Ctrl + 0 restaura el tama\u00f1o original del texto<br \/>\n\u25e6 Si lo que quiere es anular la hoja de estilos o modificar el color del texto, puede consultar la p\u00e1gina How to Change Text Size or Colors de la WAI, que se puede leer traducida al espa\u00f1ol en \u00bfC\u00f3mo cambiar el tama\u00f1o del texto o colores?<\/p>\n","protected":false},"excerpt":{"rendered":"<p>&nbsp; DAVID USEROS se ha comprometido a hacer accesible su sitio web de conformidad con Real Decreto 1112\/2018, de 7 [&hellip;]<\/p>\n","protected":false},"author":1,"featured_media":11191,"parent":0,"menu_order":0,"comment_status":"closed","ping_status":"closed","template":"","meta":{"_monsterinsights_skip_tracking":false,"_monsterinsights_sitenote_active":false,"_monsterinsights_sitenote_note":"","_monsterinsights_sitenote_category":0,"site-sidebar-layout":"default","site-content-layout":"","ast-site-content-layout":"default","site-content-style":"default","site-sidebar-style":"default","ast-global-header-display":"","ast-banner-title-visibility":"","ast-main-header-display":"","ast-hfb-above-header-display":"","ast-hfb-below-header-display":"","ast-hfb-mobile-header-display":"","site-post-title":"","ast-breadcrumbs-content":"","ast-featured-img":"disabled","footer-sml-layout":"","theme-transparent-header-meta":"default","adv-header-id-meta":"11305","stick-header-meta":"default","header-above-stick-meta":"","header-main-stick-meta":"","header-below-stick-meta":"","astra-migrate-meta-layouts":"set","ast-page-background-enabled":"default","ast-page-background-meta":{"desktop":{"background-color":"var(--ast-global-color-5)","background-image":"","background-repeat":"repeat","background-position":"center center","background-size":"auto","background-attachment":"scroll","background-type":"","background-media":"","overlay-type":"","overlay-color":"","overlay-opacity":"","overlay-gradient":""},"tablet":{"background-color":"","background-image":"","background-repeat":"repeat","background-position":"center center","background-size":"auto","background-attachment":"scroll","background-type":"","background-media":"","overlay-type":"","overlay-color":"","overlay-opacity":"","overlay-gradient":""},"mobile":{"background-color":"","background-image":"","background-repeat":"repeat","background-position":"center center","background-size":"auto","background-attachment":"scroll","background-type":"","background-media":"","overlay-type":"","overlay-color":"","overlay-opacity":"","overlay-gradient":""}},"ast-content-background-meta":{"desktop":{"background-color":"var(--ast-global-color-4)","background-image":"","background-repeat":"repeat","background-position":"center center","background-size":"auto","background-attachment":"scroll","background-type":"","background-media":"","overlay-type":"","overlay-color":"","overlay-opacity":"","overlay-gradient":""},"tablet":{"background-color":"var(--ast-global-color-4)","background-image":"","background-repeat":"repeat","background-position":"center center","background-size":"auto","background-attachment":"scroll","background-type":"","background-media":"","overlay-type":"","overlay-color":"","overlay-opacity":"","overlay-gradient":""},"mobile":{"background-color":"var(--ast-global-color-4)","background-image":"","background-repeat":"repeat","background-position":"center center","background-size":"auto","background-attachment":"scroll","background-type":"","background-media":"","overlay-type":"","overlay-color":"","overlay-opacity":"","overlay-gradient":""}},"footnotes":""},"class_list":["post-11302","page","type-page","status-publish","has-post-thumbnail","hentry"],"yoast_head":"<!-- This site is optimized with the Yoast SEO plugin v26.2 - https:\/\/yoast.com\/wordpress\/plugins\/seo\/ -->\n<title>Declaraci\u00f3n de accesibilidad &#062; DP Inmo - Agencia Inmobiliaria en Roses - Compra venta de apartamentos.<\/title>\n<meta name=\"robots\" content=\"index, follow, max-snippet:-1, max-image-preview:large, max-video-preview:-1\" \/>\n<link rel=\"canonical\" href=\"https:\/\/dpinmo.com\/accesibilidad\/\" \/>\n<meta property=\"og:locale\" content=\"fr_FR\" \/>\n<meta property=\"og:type\" content=\"article\" \/>\n<meta property=\"og:title\" content=\"Declaraci\u00f3n de accesibilidad &#062; DP Inmo - Agencia Inmobiliaria en Roses - Compra venta de apartamentos.\" \/>\n<meta property=\"og:description\" content=\"&nbsp; DAVID USEROS se ha comprometido a hacer accesible su sitio web de conformidad con Real Decreto 1112\/2018, de 7 [&hellip;]\" \/>\n<meta property=\"og:url\" content=\"https:\/\/dpinmo.com\/accesibilidad\/\" \/>\n<meta property=\"og:site_name\" content=\"DP Inmo - Agencia Inmobiliaria en Roses - Compra venta de apartamentos.\" \/>\n<meta property=\"article:modified_time\" content=\"2025-06-20T11:11:10+00:00\" \/>\n<meta property=\"og:image\" content=\"https:\/\/dpinmo.com\/wp-content\/uploads\/2025\/06\/IMG_1526.jpg\" \/>\n\t<meta property=\"og:image:width\" content=\"1601\" \/>\n\t<meta property=\"og:image:height\" content=\"1067\" \/>\n\t<meta property=\"og:image:type\" content=\"image\/jpeg\" \/>\n<meta name=\"twitter:card\" content=\"summary_large_image\" \/>\n<meta name=\"twitter:label1\" content=\"Dur\u00e9e de lecture estim\u00e9e\" \/>\n\t<meta name=\"twitter:data1\" content=\"4 minutes\" \/>\n<script type=\"application\/ld+json\" class=\"yoast-schema-graph\">{\"@context\":\"https:\/\/schema.org\",\"@graph\":[{\"@type\":\"WebPage\",\"@id\":\"https:\/\/dpinmo.com\/accesibilidad\/\",\"url\":\"https:\/\/dpinmo.com\/accesibilidad\/\",\"name\":\"Declaraci\u00f3n de accesibilidad &#062; DP Inmo - Agencia Inmobiliaria en Roses - Compra venta de apartamentos.\",\"isPartOf\":{\"@id\":\"https:\/\/dpinmo.com\/#website\"},\"primaryImageOfPage\":{\"@id\":\"https:\/\/dpinmo.com\/accesibilidad\/#primaryimage\"},\"image\":{\"@id\":\"https:\/\/dpinmo.com\/accesibilidad\/#primaryimage\"},\"thumbnailUrl\":\"https:\/\/dpinmo.com\/wp-content\/uploads\/2025\/06\/IMG_1526.jpg\",\"datePublished\":\"2025-06-20T11:06:25+00:00\",\"dateModified\":\"2025-06-20T11:11:10+00:00\",\"breadcrumb\":{\"@id\":\"https:\/\/dpinmo.com\/accesibilidad\/#breadcrumb\"},\"inLanguage\":\"fr-FR\",\"potentialAction\":[{\"@type\":\"ReadAction\",\"target\":[\"https:\/\/dpinmo.com\/accesibilidad\/\"]}]},{\"@type\":\"ImageObject\",\"inLanguage\":\"fr-FR\",\"@id\":\"https:\/\/dpinmo.com\/accesibilidad\/#primaryimage\",\"url\":\"https:\/\/dpinmo.com\/wp-content\/uploads\/2025\/06\/IMG_1526.jpg\",\"contentUrl\":\"https:\/\/dpinmo.com\/wp-content\/uploads\/2025\/06\/IMG_1526.jpg\",\"width\":1601,\"height\":1067,\"caption\":\"La Costa Brava\"},{\"@type\":\"BreadcrumbList\",\"@id\":\"https:\/\/dpinmo.com\/accesibilidad\/#breadcrumb\",\"itemListElement\":[{\"@type\":\"ListItem\",\"position\":1,\"name\":\"Inicio\",\"item\":\"https:\/\/dpinmo.com\/\"},{\"@type\":\"ListItem\",\"position\":2,\"name\":\"Declaraci\u00f3n de accesibilidad\"}]},{\"@type\":\"WebSite\",\"@id\":\"https:\/\/dpinmo.com\/#website\",\"url\":\"https:\/\/dpinmo.com\/\",\"name\":\"DP Inmo - Agencia Inmobiliaria en Roses - Compra venta de apartamentos.\",\"description\":\"Compra-venta de apartamentos, casas, pisos, ventas de locales comerciales, comprar restaurantes en Rosas y gesti\u00f3n inmobiliaria en Roses, Girona, Costa Brava.\",\"publisher\":{\"@id\":\"https:\/\/dpinmo.com\/#organization\"},\"potentialAction\":[{\"@type\":\"SearchAction\",\"target\":{\"@type\":\"EntryPoint\",\"urlTemplate\":\"https:\/\/dpinmo.com\/?s={search_term_string}\"},\"query-input\":{\"@type\":\"PropertyValueSpecification\",\"valueRequired\":true,\"valueName\":\"search_term_string\"}}],\"inLanguage\":\"fr-FR\"},{\"@type\":\"Organization\",\"@id\":\"https:\/\/dpinmo.com\/#organization\",\"name\":\"DP Inmo - Agencia Inmobiliaria en Roses - Compra venta de apartamentos.\",\"url\":\"https:\/\/dpinmo.com\/\",\"logo\":{\"@type\":\"ImageObject\",\"inLanguage\":\"fr-FR\",\"@id\":\"https:\/\/dpinmo.com\/#\/schema\/logo\/image\/\",\"url\":\"https:\/\/dpinmo.com\/wp-content\/uploads\/2022\/10\/logo_footer.png\",\"contentUrl\":\"https:\/\/dpinmo.com\/wp-content\/uploads\/2022\/10\/logo_footer.png\",\"width\":400,\"height\":99,\"caption\":\"DP Inmo - Agencia Inmobiliaria en Roses - Compra venta de apartamentos.\"},\"image\":{\"@id\":\"https:\/\/dpinmo.com\/#\/schema\/logo\/image\/\"}}]}<\/script>\n<!-- \/ Yoast SEO plugin. -->","yoast_head_json":{"title":"Declaraci\u00f3n de accesibilidad &#062; DP Inmo - Agencia Inmobiliaria en Roses - Compra venta de apartamentos.","robots":{"index":"index","follow":"follow","max-snippet":"max-snippet:-1","max-image-preview":"max-image-preview:large","max-video-preview":"max-video-preview:-1"},"canonical":"https:\/\/dpinmo.com\/accesibilidad\/","og_locale":"fr_FR","og_type":"article","og_title":"Declaraci\u00f3n de accesibilidad &#062; DP Inmo - Agencia Inmobiliaria en Roses - Compra venta de apartamentos.","og_description":"&nbsp; DAVID USEROS se ha comprometido a hacer accesible su sitio web de conformidad con Real Decreto 1112\/2018, de 7 [&hellip;]","og_url":"https:\/\/dpinmo.com\/accesibilidad\/","og_site_name":"DP Inmo - Agencia Inmobiliaria en Roses - Compra venta de apartamentos.","article_modified_time":"2025-06-20T11:11:10+00:00","og_image":[{"width":1601,"height":1067,"url":"https:\/\/dpinmo.com\/wp-content\/uploads\/2025\/06\/IMG_1526.jpg","type":"image\/jpeg"}],"twitter_card":"summary_large_image","twitter_misc":{"Dur\u00e9e de lecture estim\u00e9e":"4 minutes"},"schema":{"@context":"https:\/\/schema.org","@graph":[{"@type":"WebPage","@id":"https:\/\/dpinmo.com\/accesibilidad\/","url":"https:\/\/dpinmo.com\/accesibilidad\/","name":"Declaraci\u00f3n de accesibilidad &#062; DP Inmo - Agencia Inmobiliaria en Roses - Compra venta de apartamentos.","isPartOf":{"@id":"https:\/\/dpinmo.com\/#website"},"primaryImageOfPage":{"@id":"https:\/\/dpinmo.com\/accesibilidad\/#primaryimage"},"image":{"@id":"https:\/\/dpinmo.com\/accesibilidad\/#primaryimage"},"thumbnailUrl":"https:\/\/dpinmo.com\/wp-content\/uploads\/2025\/06\/IMG_1526.jpg","datePublished":"2025-06-20T11:06:25+00:00","dateModified":"2025-06-20T11:11:10+00:00","breadcrumb":{"@id":"https:\/\/dpinmo.com\/accesibilidad\/#breadcrumb"},"inLanguage":"fr-FR","potentialAction":[{"@type":"ReadAction","target":["https:\/\/dpinmo.com\/accesibilidad\/"]}]},{"@type":"ImageObject","inLanguage":"fr-FR","@id":"https:\/\/dpinmo.com\/accesibilidad\/#primaryimage","url":"https:\/\/dpinmo.com\/wp-content\/uploads\/2025\/06\/IMG_1526.jpg","contentUrl":"https:\/\/dpinmo.com\/wp-content\/uploads\/2025\/06\/IMG_1526.jpg","width":1601,"height":1067,"caption":"La Costa Brava"},{"@type":"BreadcrumbList","@id":"https:\/\/dpinmo.com\/accesibilidad\/#breadcrumb","itemListElement":[{"@type":"ListItem","position":1,"name":"Inicio","item":"https:\/\/dpinmo.com\/"},{"@type":"ListItem","position":2,"name":"Declaraci\u00f3n de accesibilidad"}]},{"@type":"WebSite","@id":"https:\/\/dpinmo.com\/#website","url":"https:\/\/dpinmo.com\/","name":"DP Inmo - Agencia Inmobiliaria en Roses - Compra venta de apartamentos.","description":"Compra-venta de apartamentos, casas, pisos, ventas de locales comerciales, comprar restaurantes en Rosas y gesti\u00f3n inmobiliaria en Roses, Girona, Costa Brava.","publisher":{"@id":"https:\/\/dpinmo.com\/#organization"},"potentialAction":[{"@type":"SearchAction","target":{"@type":"EntryPoint","urlTemplate":"https:\/\/dpinmo.com\/?s={search_term_string}"},"query-input":{"@type":"PropertyValueSpecification","valueRequired":true,"valueName":"search_term_string"}}],"inLanguage":"fr-FR"},{"@type":"Organization","@id":"https:\/\/dpinmo.com\/#organization","name":"DP Inmo - Agencia Inmobiliaria en Roses - Compra venta de apartamentos.","url":"https:\/\/dpinmo.com\/","logo":{"@type":"ImageObject","inLanguage":"fr-FR","@id":"https:\/\/dpinmo.com\/#\/schema\/logo\/image\/","url":"https:\/\/dpinmo.com\/wp-content\/uploads\/2022\/10\/logo_footer.png","contentUrl":"https:\/\/dpinmo.com\/wp-content\/uploads\/2022\/10\/logo_footer.png","width":400,"height":99,"caption":"DP Inmo - Agencia Inmobiliaria en Roses - Compra venta de apartamentos."},"image":{"@id":"https:\/\/dpinmo.com\/#\/schema\/logo\/image\/"}}]}},"_links":{"self":[{"href":"https:\/\/dpinmo.com\/fr\/wp-json\/wp\/v2\/pages\/11302","targetHints":{"allow":["GET"]}}],"collection":[{"href":"https:\/\/dpinmo.com\/fr\/wp-json\/wp\/v2\/pages"}],"about":[{"href":"https:\/\/dpinmo.com\/fr\/wp-json\/wp\/v2\/types\/page"}],"author":[{"embeddable":true,"href":"https:\/\/dpinmo.com\/fr\/wp-json\/wp\/v2\/users\/1"}],"replies":[{"embeddable":true,"href":"https:\/\/dpinmo.com\/fr\/wp-json\/wp\/v2\/comments?post=11302"}],"version-history":[{"count":2,"href":"https:\/\/dpinmo.com\/fr\/wp-json\/wp\/v2\/pages\/11302\/revisions"}],"predecessor-version":[{"id":11306,"href":"https:\/\/dpinmo.com\/fr\/wp-json\/wp\/v2\/pages\/11302\/revisions\/11306"}],"wp:featuredmedia":[{"embeddable":true,"href":"https:\/\/dpinmo.com\/fr\/wp-json\/wp\/v2\/media\/11191"}],"wp:attachment":[{"href":"https:\/\/dpinmo.com\/fr\/wp-json\/wp\/v2\/media?parent=11302"}],"curies":[{"name":"wp","href":"https:\/\/api.w.org\/{rel}","templated":true}]}}